{"id":2,"date":"2016-04-27T03:35:31","date_gmt":"2016-04-27T03:35:31","guid":{"rendered":"http:\/\/wp451m.a10-52-158-154.qa.plesk.ru\/wordpress\/?page_id=2"},"modified":"2025-02-21T10:32:30","modified_gmt":"2025-02-21T10:32:30","slug":"oferta","status":"publish","type":"page","link":"https:\/\/kominkowe-piaseczno.pl\/?page_id=2","title":{"rendered":""},"content":{"rendered":"\n<p><\/p>\n\n\n<p>Nasza oferta stanowi takie gatunki jak:<\/p>\n<p><strong>Grab<\/strong> \u2013 <em>uwa\u017cany za najlepsze drewno opa\u0142owe, bardzo kaloryczny, spala si\u0119 powoli, ma niedu\u017cy p\u0142omie\u0144 i oddaje bardzo du\u017co ciep\u0142a, zawarto\u015b\u0107 kory, ok 7%. <strong>Warto\u015b\u0107 opa\u0142owa:<\/strong> 2200 kwh\/mp. <\/em><\/p>\n<p><strong>Cena: <\/strong>650 z\u0142\/mp<strong><br \/><\/strong><\/p>\n<p><img loading=\"lazy\" decoding=\"async\" class=\"size-full wp-image-26 aligncenter\" src=\"https:\/\/kominkowe-piaseczno.pl\/wp-content\/uploads\/2016\/04\/Grab.jpg\" alt=\"Grab\" width=\"240\" height=\"160\" \/><\/p>\n<p>&nbsp;<\/p>\n<p><strong>Brzoza<\/strong> &#8211; <em>szybko i \u0142atwo si\u0119 spala r\u00f3wnym p\u0142omieniem, zawiera niewiele substancji smolistych. <strong>Warto\u015b\u0107 opa\u0142owa:<\/strong> 1900 kwh\/mp.<\/em><\/p>\n<p><strong>Cena: <\/strong>Brak na magazynie<\/p>\n<p><img loading=\"lazy\" decoding=\"async\" class=\"size-full wp-image-29 aligncenter\" src=\"https:\/\/kominkowe-piaseczno.pl\/wp-content\/uploads\/2016\/04\/Brzoza.jpg\" alt=\"Brzoza\" width=\"240\" height=\"160\" \/><\/p>\n<p><strong>D\u0105b<\/strong> &#8211; <em>wysokokaloryczne &#8211; daje du\u017co ciep\u0142a i ma przyjemny zapach. Wysoka zawarto\u015b\u0107 kory \u2013 22%, du\u017ca zawarto\u015b\u0107 kwas\u00f3w i garbnik\u00f3w.\u00a0<strong>Warto\u015b\u0107 opa\u0142owa:<\/strong> 2100 kwh\/mp.<\/em><\/p>\n<p><strong>Cena: <\/strong>Brak na magazynie<\/p>\n<h6><img loading=\"lazy\" decoding=\"async\" class=\"wp-image-101 size-full aligncenter\" src=\"https:\/\/kominkowe-piaseczno.pl\/wp-content\/uploads\/2022\/04\/dab.jpg\" alt=\"\" width=\"240\" height=\"160\" \/><\/h6>\n<h6>\u00a0<\/h6>\n<h6>\u00a0<\/h6>\n\n\n<p><\/p>\n","protected":false},"excerpt":{"rendered":"<p>Nasza oferta stanowi takie gatunki jak: Grab \u2013 uwa\u017cany za najlepsze drewno opa\u0142owe, bardzo kaloryczny, spala si\u0119 powoli, ma niedu\u017cy p\u0142omie\u0144 i oddaje bardzo du\u017co ciep\u0142a, zawarto\u015b\u0107 kory, ok 7%. Warto\u015b\u0107 opa\u0142owa: 2200 kwh\/mp. Cena: 650 z\u0142\/mp &nbsp; Brzoza &#8211; szybko i \u0142atwo si\u0119 spala r\u00f3wnym p\u0142omieniem, zawiera niewiele substancji smolistych. Warto\u015b\u0107 opa\u0142owa: 1900 kwh\/mp&#8230;.<\/p>\n<p><a class=\"more-link\" href=\"https:\/\/kominkowe-piaseczno.pl\/?page_id=2\">Continue&nbsp;<i class=\"fa fa-angle-right\"><\/i><\/a><\/p>\n","protected":false},"author":1,"featured_media":0,"parent":0,"menu_order":0,"comment_status":"closed","ping_status":"open","template":"","meta":{"footnotes":""},"class_list":["post-2","page","type-page","status-publish","hentry","content-box"],"_links":{"self":[{"href":"https:\/\/kominkowe-piaseczno.pl\/index.php?rest_route=\/wp\/v2\/pages\/2","targetHints":{"allow":["GET"]}}],"collection":[{"href":"https:\/\/kominkowe-piaseczno.pl\/index.php?rest_route=\/wp\/v2\/pages"}],"about":[{"href":"https:\/\/kominkowe-piaseczno.pl\/index.php?rest_route=\/wp\/v2\/types\/page"}],"author":[{"embeddable":true,"href":"https:\/\/kominkowe-piaseczno.pl\/index.php?rest_route=\/wp\/v2\/users\/1"}],"replies":[{"embeddable":true,"href":"https:\/\/kominkowe-piaseczno.pl\/index.php?rest_route=%2Fwp%2Fv2%2Fcomments&post=2"}],"version-history":[{"count":43,"href":"https:\/\/kominkowe-piaseczno.pl\/index.php?rest_route=\/wp\/v2\/pages\/2\/revisions"}],"predecessor-version":[{"id":138,"href":"https:\/\/kominkowe-piaseczno.pl\/index.php?rest_route=\/wp\/v2\/pages\/2\/revisions\/138"}],"wp:attachment":[{"href":"https:\/\/kominkowe-piaseczno.pl\/index.php?rest_route=%2Fwp%2Fv2%2Fmedia&parent=2"}],"curies":[{"name":"wp","href":"https:\/\/api.w.org\/{rel}","templated":true}]}}