{"id":18,"date":"2016-06-26T17:54:35","date_gmt":"2016-06-26T17:54:35","guid":{"rendered":"http:\/\/kominkowe-piaseczno.pl\/?page_id=18"},"modified":"2021-02-13T12:55:16","modified_gmt":"2021-02-13T12:55:16","slug":"strona-glowna","status":"publish","type":"page","link":"https:\/\/kominkowe-piaseczno.pl\/","title":{"rendered":""},"content":{"rendered":"<p><img loading=\"lazy\" decoding=\"async\" class=\" wp-image-20 alignright\" src=\"https:\/\/kominkowe-piaseczno.pl\/wp-content\/uploads\/2016\/06\/logokom4-300x298.jpg\" alt=\"logokom4\" width=\"248\" height=\"246\" srcset=\"https:\/\/kominkowe-piaseczno.pl\/wp-content\/uploads\/2016\/06\/logokom4-300x298.jpg 300w, https:\/\/kominkowe-piaseczno.pl\/wp-content\/uploads\/2016\/06\/logokom4-150x150.jpg 150w, https:\/\/kominkowe-piaseczno.pl\/wp-content\/uploads\/2016\/06\/logokom4.jpg 598w\" sizes=\"auto, (max-width: 248px) 100vw, 248px\" \/><\/p>\n<p>&nbsp;<\/p>\n<p>Oferujemy Pa\u0144stwu Drewno Kominkowe \u015bwie\u017ce i sezonowane (suche) bardzo dobrej jako\u015bci i warto\u015bci opa\u0142owej, gotowe do palenia w kominku.<\/p>\n<p>Surowiec z kt\u00f3rego wyrabiamy drewno kominkowe pochodzi tylko i wy\u0142\u0105cznie z Las\u00f3w Pa\u0144stwowych. Jest to g\u0142\u00f3wnie drewno tartaczne i stosowe o \u015brednicach przekraczaj\u0105cych 12 cm i si\u0119gaj\u0105cych nawet 50 cm. W zwi\u0105zku z tym kora stanowi mniejsz\u0105 obj\u0119to\u015b\u0107 i mas\u0119 ni\u017c w przypadku typowego drewna opa\u0142owego.<\/p>\n<p>Standardowa d\u0142ugo\u015b\u0107 szczapek wynosi <strong>40\/42 cm<\/strong>. W niewielkich ilo\u015bciach posiadamy te\u017c szczapki o d\u0142ugo\u015bci <strong>30\/32 cm<\/strong>. Na specjalne zam\u00f3wienie mo\u017cliwe jest przygotowane innych d\u0142ugo\u015bci.<\/p>\n<p>Wilgotno\u015b\u0107 naszego (sezonowanego) drewna nie przekracza <strong>20%<\/strong>, co jest optymaln\u0105 warto\u015bci\u0105 do palenia nim w kominku.<\/p>\n<p>W naszej ofercie jest r\u00f3wnie\u017c <strong>transport do klienta<\/strong>, maksymalnie 5 mp. Drewno jest uk\u0142adane na skrzyni samochodu i wysypywane luzem u klienta. Ilo\u015b\u0107 zamawianego drewna jest rzetelna. Obs\u0142ugujemy takie miejscowo\u015bci jak : Warszawa, Piaseczno, Konstancin-Jeziorna, Magdalenka, Lesznowola, Raszyn, Nadarzyn, Tarczyn, Podkowa Le\u015bna, Grodzisk Mazowiecki, Gr\u00f3jec, Mysiad\u0142o, \u017babieniec, G\u00f3ra Kalwaria, Janki, G\u0142osk\u00f3w, Wola Go\u0142kowska, Jazgarzew, Zalesie Dolne i G\u00f3rne, Baniocha, a tak\u017ce okoliczne miejscowo\u015bci.<\/p>\n","protected":false},"excerpt":{"rendered":"<p>&nbsp; Oferujemy Pa\u0144stwu Drewno Kominkowe \u015bwie\u017ce i sezonowane (suche) bardzo dobrej jako\u015bci i warto\u015bci opa\u0142owej, gotowe do palenia w kominku. Surowiec z kt\u00f3rego wyrabiamy drewno kominkowe pochodzi tylko i wy\u0142\u0105cznie z Las\u00f3w Pa\u0144stwowych. Jest to g\u0142\u00f3wnie drewno tartaczne i stosowe o \u015brednicach przekraczaj\u0105cych 12 cm i si\u0119gaj\u0105cych nawet 50 cm. W zwi\u0105zku z tym kora&#8230;<\/p>\n<p><a class=\"more-link\" href=\"https:\/\/kominkowe-piaseczno.pl\/\">Continue&nbsp;<i class=\"fa fa-angle-right\"><\/i><\/a><\/p>\n","protected":false},"author":1,"featured_media":0,"parent":0,"menu_order":0,"comment_status":"closed","ping_status":"closed","template":"","meta":{"footnotes":""},"class_list":["post-18","page","type-page","status-publish","hentry","content-box"],"_links":{"self":[{"href":"https:\/\/kominkowe-piaseczno.pl\/index.php?rest_route=\/wp\/v2\/pages\/18","targetHints":{"allow":["GET"]}}],"collection":[{"href":"https:\/\/kominkowe-piaseczno.pl\/index.php?rest_route=\/wp\/v2\/pages"}],"about":[{"href":"https:\/\/kominkowe-piaseczno.pl\/index.php?rest_route=\/wp\/v2\/types\/page"}],"author":[{"embeddable":true,"href":"https:\/\/kominkowe-piaseczno.pl\/index.php?rest_route=\/wp\/v2\/users\/1"}],"replies":[{"embeddable":true,"href":"https:\/\/kominkowe-piaseczno.pl\/index.php?rest_route=%2Fwp%2Fv2%2Fcomments&post=18"}],"version-history":[{"count":10,"href":"https:\/\/kominkowe-piaseczno.pl\/index.php?rest_route=\/wp\/v2\/pages\/18\/revisions"}],"predecessor-version":[{"id":77,"href":"https:\/\/kominkowe-piaseczno.pl\/index.php?rest_route=\/wp\/v2\/pages\/18\/revisions\/77"}],"wp:attachment":[{"href":"https:\/\/kominkowe-piaseczno.pl\/index.php?rest_route=%2Fwp%2Fv2%2Fmedia&parent=18"}],"curies":[{"name":"wp","href":"https:\/\/api.w.org\/{rel}","templated":true}]}}